{"id":1134,"date":"2024-06-19T15:35:02","date_gmt":"2024-06-19T13:35:02","guid":{"rendered":"https:\/\/profin.finance\/octagon-capital\/impressum\/"},"modified":"2025-10-29T14:02:53","modified_gmt":"2025-10-29T12:02:53","slug":"impressum","status":"publish","type":"page","link":"https:\/\/octagon-capital.ch\/de\/impressum\/","title":{"rendered":"Impressum"},"content":{"rendered":"\t\t<div data-elementor-type=\"wp-page\" data-elementor-id=\"1134\" class=\"elementor elementor-1134 elementor-788\" data-elementor-post-type=\"page\">\n\t\t\t\t<div class=\"elementor-element elementor-element-34ae385 e-flex e-con-boxed e-con e-parent\" data-id=\"34ae385\" data-element_type=\"container\">\n\t\t\t\t\t<div class=\"e-con-inner\">\n\t\t\t\t<div class=\"elementor-element elementor-element-56b6967 elementor-widget elementor-widget-heading\" data-id=\"56b6967\" data-element_type=\"widget\" data-widget_type=\"heading.default\">\n\t\t\t\t<div class=\"elementor-widget-container\">\n\t\t\t<style>\/*! elementor - v3.23.0 - 05-08-2024 *\/\n.elementor-heading-title{padding:0;margin:0;line-height:1}.elementor-widget-heading .elementor-heading-title[class*=elementor-size-]>a{color:inherit;font-size:inherit;line-height:inherit}.elementor-widget-heading .elementor-heading-title.elementor-size-small{font-size:15px}.elementor-widget-heading .elementor-heading-title.elementor-size-medium{font-size:19px}.elementor-widget-heading .elementor-heading-title.elementor-size-large{font-size:29px}.elementor-widget-heading .elementor-heading-title.elementor-size-xl{font-size:39px}.elementor-widget-heading .elementor-heading-title.elementor-size-xxl{font-size:59px}<\/style><h2 class=\"elementor-heading-title elementor-size-default\">Impressum<\/h2>\t\t<\/div>\n\t\t\t\t<\/div>\n\t\t\t\t<div class=\"elementor-element elementor-element-fbb1fb9 elementor-widget elementor-widget-text-editor\" data-id=\"fbb1fb9\" data-element_type=\"widget\" data-widget_type=\"text-editor.default\">\n\t\t\t\t<div class=\"elementor-widget-container\">\n\t\t\t<style>\/*! elementor - v3.23.0 - 05-08-2024 *\/\n.elementor-widget-text-editor.elementor-drop-cap-view-stacked .elementor-drop-cap{background-color:#69727d;color:#fff}.elementor-widget-text-editor.elementor-drop-cap-view-framed .elementor-drop-cap{color:#69727d;border:3px solid;background-color:transparent}.elementor-widget-text-editor:not(.elementor-drop-cap-view-default) .elementor-drop-cap{margin-top:8px}.elementor-widget-text-editor:not(.elementor-drop-cap-view-default) .elementor-drop-cap-letter{width:1em;height:1em}.elementor-widget-text-editor .elementor-drop-cap{float:left;text-align:center;line-height:1;font-size:50px}.elementor-widget-text-editor .elementor-drop-cap-letter{display:inline-block}<\/style>\t\t\t\t<p>Octagon Capital Trucks GmbH<br \/>\nBaarerstrasse 75<br \/>\n6300 Zug<br \/>\nSchweiz<\/p>\n<p>E-Mail: info@octagon-capital.ch<\/p>\n<p><strong>Handelsregister<\/strong><br \/>\nZug, Schweiz<\/p>\n<p><strong>Handelsregisternummer (HRB)<\/strong><br \/>\nCH-170.4.023.702-1<\/p>\n<p><strong>Gesch\u00e4ftsf\u00fchrer<\/strong><br \/>\nVincent Brieske<\/p>\n<p><strong>Haftungsausschluss<\/strong><br \/>\nDie von der Octagon Capital Trucks GmbH (\u201eOctagon\u201c) auf cartel-claims.com (die \u201eWebsite\u201c) bereitgestellten Informationen dienen ausschlie\u00dflich allgemeinen Informationszwecken. Alle Informationen auf der Website werden in gutem Glauben bereitgestellt. Octagon \u00fcbernimmt jedoch keine Gew\u00e4hrleistung, weder ausdr\u00fccklich noch stillschweigend, hinsichtlich der Richtigkeit, Angemessenheit, G\u00fcltigkeit, Zuverl\u00e4ssigkeit, Verf\u00fcgbarkeit oder Vollst\u00e4ndigkeit der Informationen auf der Website. Unter keinen Umst\u00e4nden haftet Octagon f\u00fcr Verluste oder Sch\u00e4den jeglicher Art, die sich aus der Nutzung der Website oder dem Vertrauen auf die auf der Website bereitgestellten Informationen ergeben. Die Nutzung der Website und das Vertrauen auf Informationen auf der Website erfolgt ausschlie\u00dflich auf eigenes Risiko.<\/p>\n<p>Die Website kann Links zu anderen Websites oder Inhalten enthalten, die Dritten geh\u00f6ren oder von diesen stammen, oder Links zu Websites und Funktionen in Bannern oder anderer Werbung. Solche externen Links werden von Octagon nicht auf Richtigkeit, Angemessenheit, G\u00fcltigkeit, Zuverl\u00e4ssigkeit, Verf\u00fcgbarkeit oder Vollst\u00e4ndigkeit \u00fcberpr\u00fcft, \u00fcberwacht oder gepr\u00fcft. Octagon \u00fcbernimmt keine Gew\u00e4hrleistung, Bef\u00fcrwortung, Garantie oder Verantwortung f\u00fcr die Richtigkeit oder Zuverl\u00e4ssigkeit von Informationen, die von Drittanbieter-Websites angeboten werden, die \u00fcber die Website verlinkt sind, oder von Websites oder Funktionen, die in Bannern oder anderer Werbung verlinkt sind. Octagon ist nicht Partei und \u00fcbernimmt in keiner Weise die \u00dcberwachung von Transaktionen zwischen Ihnen und Drittanbietern von Produkten oder Dienstleistungen.<\/p>\n<p>Die Website kann keine Rechtsberatung enthalten und enth\u00e4lt diese auch nicht. Die rechtlichen Informationen werden nur zu allgemeinen Informations- und Bildungszwecken bereitgestellt und sind kein Ersatz f\u00fcr professionelle Beratung. Dementsprechend empfiehlt Octagon, vor der Durchf\u00fchrung von Ma\u00dfnahmen, die auf solchen Informationen basieren, die entsprechenden Fachleute zu konsultieren. Octagon bietet keine Rechtsberatung jeglicher Art an. Die Nutzung oder das Vertrauen auf Informationen, die auf der Website enthalten sind, erfolgt ausschlie\u00dflich auf eigenes Risiko.<\/p>\n<p>Die Website kann Cookies, Google Analytics oder andere Tracking- und Analysetools verwenden.<\/p>\n<p>Der gesamte Inhalt und die Struktur der Website sind urheberrechtlich gesch\u00fctzt. Alle Rechte sind vorbehalten. Eine Vervielf\u00e4ltigung, ganz oder teilweise, Ver\u00e4nderung oder Nutzung f\u00fcr \u00f6ffentliche oder kommerzielle Zwecke ist ohne vorherige schriftliche Zustimmung von Octagon untersagt.<\/p>\n\t\t\t\t\t\t<\/div>\n\t\t\t\t<\/div>\n\t\t\t\t\t<\/div>\n\t\t\t\t<\/div>\n\t\t\t\t<\/div>\n\t\t","protected":false},"excerpt":{"rendered":"<p>Impressum Octagon Capital Trucks GmbH Baarerstrasse 75 6300 Zug Schweiz E-Mail: info@octagon-capital.ch Handelsregister Zug, Schweiz Handelsregisternummer (HRB) CH-170.4.023.702-1 Gesch\u00e4ftsf\u00fchrer Vincent Brieske Haftungsausschluss Die von der Octagon Capital Trucks GmbH (\u201eOctagon\u201c) auf cartel-claims.com (die \u201eWebsite\u201c) bereitgestellten Informationen dienen ausschlie\u00dflich allgemeinen Informationszwecken. Alle Informationen auf der Website werden in gutem Glauben bereitgestellt. Octagon \u00fcbernimmt jedoch keine Gew\u00e4hrleistung, [&hellip;]<\/p>\n","protected":false},"author":1,"featured_media":0,"parent":0,"menu_order":0,"comment_status":"closed","ping_status":"closed","template":"","meta":{"footnotes":""},"yoast_head":"<!-- This site is optimized with the Yoast SEO plugin v23.4 - https:\/\/yoast.com\/wordpress\/plugins\/seo\/ -->\n<title>Impressum - Octagon Capital Trucks GmbH<\/title>\n<meta name=\"robots\" content=\"index, follow, max-snippet:-1, max-image-preview:large, max-video-preview:-1\" \/>\n<link rel=\"canonical\" href=\"https:\/\/octagon-capital.ch\/de\/impressum\/\" \/>\n<meta property=\"og:locale\" content=\"de_DE\" \/>\n<meta property=\"og:type\" content=\"article\" \/>\n<meta property=\"og:title\" content=\"Impressum - Octagon Capital Trucks GmbH\" \/>\n<meta property=\"og:description\" content=\"Impressum Octagon Capital Trucks GmbH Baarerstrasse 75 6300 Zug Schweiz E-Mail: info@octagon-capital.ch Handelsregister Zug, Schweiz Handelsregisternummer (HRB) CH-170.4.023.702-1 Gesch\u00e4ftsf\u00fchrer Vincent Brieske Haftungsausschluss Die von der Octagon Capital Trucks GmbH (\u201eOctagon\u201c) auf cartel-claims.com (die \u201eWebsite\u201c) bereitgestellten Informationen dienen ausschlie\u00dflich allgemeinen Informationszwecken. Alle Informationen auf der Website werden in gutem Glauben bereitgestellt. Octagon \u00fcbernimmt jedoch keine Gew\u00e4hrleistung, [&hellip;]\" \/>\n<meta property=\"og:url\" content=\"https:\/\/octagon-capital.ch\/de\/impressum\/\" \/>\n<meta property=\"og:site_name\" content=\"Octagon Capital Trucks GmbH\" \/>\n<meta property=\"article:modified_time\" content=\"2025-10-29T12:02:53+00:00\" \/>\n<meta name=\"twitter:card\" content=\"summary_large_image\" \/>\n<meta name=\"twitter:label1\" content=\"Gesch\u00e4tzte Lesezeit\" \/>\n\t<meta name=\"twitter:data1\" content=\"2\u00a0Minuten\" \/>\n<script type=\"application\/ld+json\" class=\"yoast-schema-graph\">{\"@context\":\"https:\/\/schema.org\",\"@graph\":[{\"@type\":\"WebPage\",\"@id\":\"https:\/\/octagon-capital.ch\/de\/impressum\/\",\"url\":\"https:\/\/octagon-capital.ch\/de\/impressum\/\",\"name\":\"Impressum - Octagon Capital Trucks GmbH\",\"isPartOf\":{\"@id\":\"https:\/\/octagon-capital.ch\/de\/#website\"},\"datePublished\":\"2024-06-19T13:35:02+00:00\",\"dateModified\":\"2025-10-29T12:02:53+00:00\",\"breadcrumb\":{\"@id\":\"https:\/\/octagon-capital.ch\/de\/impressum\/#breadcrumb\"},\"inLanguage\":\"de\",\"potentialAction\":[{\"@type\":\"ReadAction\",\"target\":[\"https:\/\/octagon-capital.ch\/de\/impressum\/\"]}]},{\"@type\":\"BreadcrumbList\",\"@id\":\"https:\/\/octagon-capital.ch\/de\/impressum\/#breadcrumb\",\"itemListElement\":[{\"@type\":\"ListItem\",\"position\":1,\"name\":\"Home\",\"item\":\"https:\/\/octagon-capital.ch\/de\/\"},{\"@type\":\"ListItem\",\"position\":2,\"name\":\"Impressum\"}]},{\"@type\":\"WebSite\",\"@id\":\"https:\/\/octagon-capital.ch\/de\/#website\",\"url\":\"https:\/\/octagon-capital.ch\/de\/\",\"name\":\"Octagon Capital Trucks GmbH\",\"description\":\"\",\"potentialAction\":[{\"@type\":\"SearchAction\",\"target\":{\"@type\":\"EntryPoint\",\"urlTemplate\":\"https:\/\/octagon-capital.ch\/de\/?s={search_term_string}\"},\"query-input\":{\"@type\":\"PropertyValueSpecification\",\"valueRequired\":true,\"valueName\":\"search_term_string\"}}],\"inLanguage\":\"de\"}]}<\/script>\n<!-- \/ Yoast SEO plugin. -->","yoast_head_json":{"title":"Impressum - Octagon Capital Trucks GmbH","robots":{"index":"index","follow":"follow","max-snippet":"max-snippet:-1","max-image-preview":"max-image-preview:large","max-video-preview":"max-video-preview:-1"},"canonical":"https:\/\/octagon-capital.ch\/de\/impressum\/","og_locale":"de_DE","og_type":"article","og_title":"Impressum - Octagon Capital Trucks GmbH","og_description":"Impressum Octagon Capital Trucks GmbH Baarerstrasse 75 6300 Zug Schweiz E-Mail: info@octagon-capital.ch Handelsregister Zug, Schweiz Handelsregisternummer (HRB) CH-170.4.023.702-1 Gesch\u00e4ftsf\u00fchrer Vincent Brieske Haftungsausschluss Die von der Octagon Capital Trucks GmbH (\u201eOctagon\u201c) auf cartel-claims.com (die \u201eWebsite\u201c) bereitgestellten Informationen dienen ausschlie\u00dflich allgemeinen Informationszwecken. Alle Informationen auf der Website werden in gutem Glauben bereitgestellt. Octagon \u00fcbernimmt jedoch keine Gew\u00e4hrleistung, [&hellip;]","og_url":"https:\/\/octagon-capital.ch\/de\/impressum\/","og_site_name":"Octagon Capital Trucks GmbH","article_modified_time":"2025-10-29T12:02:53+00:00","twitter_card":"summary_large_image","twitter_misc":{"Gesch\u00e4tzte Lesezeit":"2\u00a0Minuten"},"schema":{"@context":"https:\/\/schema.org","@graph":[{"@type":"WebPage","@id":"https:\/\/octagon-capital.ch\/de\/impressum\/","url":"https:\/\/octagon-capital.ch\/de\/impressum\/","name":"Impressum - Octagon Capital Trucks GmbH","isPartOf":{"@id":"https:\/\/octagon-capital.ch\/de\/#website"},"datePublished":"2024-06-19T13:35:02+00:00","dateModified":"2025-10-29T12:02:53+00:00","breadcrumb":{"@id":"https:\/\/octagon-capital.ch\/de\/impressum\/#breadcrumb"},"inLanguage":"de","potentialAction":[{"@type":"ReadAction","target":["https:\/\/octagon-capital.ch\/de\/impressum\/"]}]},{"@type":"BreadcrumbList","@id":"https:\/\/octagon-capital.ch\/de\/impressum\/#breadcrumb","itemListElement":[{"@type":"ListItem","position":1,"name":"Home","item":"https:\/\/octagon-capital.ch\/de\/"},{"@type":"ListItem","position":2,"name":"Impressum"}]},{"@type":"WebSite","@id":"https:\/\/octagon-capital.ch\/de\/#website","url":"https:\/\/octagon-capital.ch\/de\/","name":"Octagon Capital Trucks GmbH","description":"","potentialAction":[{"@type":"SearchAction","target":{"@type":"EntryPoint","urlTemplate":"https:\/\/octagon-capital.ch\/de\/?s={search_term_string}"},"query-input":{"@type":"PropertyValueSpecification","valueRequired":true,"valueName":"search_term_string"}}],"inLanguage":"de"}]}},"_links":{"self":[{"href":"https:\/\/octagon-capital.ch\/de\/wp-json\/wp\/v2\/pages\/1134"}],"collection":[{"href":"https:\/\/octagon-capital.ch\/de\/wp-json\/wp\/v2\/pages"}],"about":[{"href":"https:\/\/octagon-capital.ch\/de\/wp-json\/wp\/v2\/types\/page"}],"author":[{"embeddable":true,"href":"https:\/\/octagon-capital.ch\/de\/wp-json\/wp\/v2\/users\/1"}],"replies":[{"embeddable":true,"href":"https:\/\/octagon-capital.ch\/de\/wp-json\/wp\/v2\/comments?post=1134"}],"version-history":[{"count":6,"href":"https:\/\/octagon-capital.ch\/de\/wp-json\/wp\/v2\/pages\/1134\/revisions"}],"predecessor-version":[{"id":1510,"href":"https:\/\/octagon-capital.ch\/de\/wp-json\/wp\/v2\/pages\/1134\/revisions\/1510"}],"wp:attachment":[{"href":"https:\/\/octagon-capital.ch\/de\/wp-json\/wp\/v2\/media?parent=1134"}],"curies":[{"name":"wp","href":"https:\/\/api.w.org\/{rel}","templated":true}]}}